{"id":2,"date":"2025-04-22T18:03:12","date_gmt":"2025-04-22T16:03:12","guid":{"rendered":"https:\/\/grillatibrod.se\/?page_id=2"},"modified":"2025-04-28T08:13:51","modified_gmt":"2025-04-28T06:13:51","slug":"hem","status":"publish","type":"page","link":"https:\/\/grillatibrod.se\/","title":{"rendered":"Hem"},"content":{"rendered":"\n\n\t\t\t\t<img decoding=\"async\" src=\"https:\/\/grillatibrod.se\/wp-content\/uploads\/2025\/04\/bjudpa.png\" alt=\"bjudpa\" itemprop=\"image\" height=\"315\" width=\"1036\" title=\"bjudpa\" onerror=\"this.style.display='none'\" loading='lazy' \/>\n<h1>\n\t\t\tGrillat i br\u00f6d\t<\/h1>\n\t\t\t\t<img decoding=\"async\" src=\"https:\/\/grillatibrod.se\/wp-content\/uploads\/2025\/04\/Scan_logo_web.svg\" alt=\"Scan_logo_web\" itemprop=\"image\" height=\"0\" width=\"0\" title=\"Scan_logo_web\" onerror=\"this.style.display='none'\" loading='lazy' \/>\n\t\t\t\t<img decoding=\"async\" src=\"https:\/\/grillatibrod.se\/wp-content\/uploads\/2025\/04\/KBB_Logo_RGB.svg\" alt=\"KBB_Logo_RGB\" itemprop=\"image\" height=\"0\" width=\"0\" title=\"KBB_Logo_RGB\" onerror=\"this.style.display='none'\" loading='lazy' \/>\n<h1>\n\t\t\tG\u00f6r bara s\u00e5 h\u00e4r\t<\/h1>\n\tL\u00e4gg en tunt skivad flintastek i ett fluffigt hamburgerbr\u00f6d, p\u00e5 med lite tzatziki och du har en souvlaki-burger.<br \/>\nEtt lammf\u00e4rsspett i korvbr\u00f6d blir en shish-kebab-hotdog-style.<br \/>\nVilken blir din kombo?\n\t\t\t\t<img decoding=\"async\" src=\"https:\/\/grillatibrod.se\/wp-content\/uploads\/2025\/04\/sektion3-frilagd-e1745478909441.png\" alt=\"sektion3-frilagd\" itemprop=\"image\" height=\"917\" width=\"763\" title=\"sektion3-frilagd\" onerror=\"this.style.display='none'\" loading='lazy' \/>\n\t<h2>SOUVLAKI BURGER P\u00c5 FLINTASTEK<\/h2>\n<h3>MED KR\u00c4MIG FETA OCH TOMATSALSA<\/h3>\n\t\t\t<a href=\"https:\/\/grillatibrod.se\/index.php\/2025\/04\/22\/souvlaki-burger-pa-flintastek\/\" target=\"_self\">\n\t\t\t\t\t\t\tTill Receptet\n\t\t\t\t\t<\/a>\n\t\t\t\t<img decoding=\"async\" src=\"https:\/\/grillatibrod.se\/wp-content\/uploads\/2025\/04\/668777-Flintastek-original-ovan.png\" alt=\"668777-Flintastek-original-ovan\" itemprop=\"image\" height=\"631\" width=\"500\" title=\"668777-Flintastek-original-ovan\" onerror=\"this.style.display='none'\" loading='lazy' \/>\n<h2>\n\t\t\t+\t<\/h2>\n\t\t\t\t<img decoding=\"async\" src=\"https:\/\/grillatibrod.se\/wp-content\/uploads\/2025\/04\/Lager-4.png\" alt=\"Lager-4\" itemprop=\"image\" height=\"192\" width=\"500\" title=\"Lager-4\" onerror=\"this.style.display='none'\" loading='lazy' \/>\n\t\t\t\t<img decoding=\"async\" src=\"https:\/\/grillatibrod.se\/wp-content\/uploads\/2025\/04\/Salsicca_hotdog_grund_frilagd-ny.png\" alt=\"Salsicca_hotdog_grund_frilagd-ny\" itemprop=\"image\" height=\"1254\" width=\"1000\" title=\"Salsicca_hotdog_grund_frilagd-ny\" onerror=\"this.style.display='none'\" loading='lazy' \/>\n\t<h2>SALSICCIA HOTDOG I DURUMBR\u00d6D<\/h2>\n<h3>MED PICKLAD GURKA OCH<br \/>\nHOT SAUCE<\/h3>\n\t\t\t<a href=\"https:\/\/grillatibrod.se\/index.php\/2025\/04\/25\/salsiccia-med-jalapeno-gurksallad\/\" target=\"_self\">\n\t\t\t\t\t\t\tTill Receptet\n\t\t\t\t\t<\/a>\n\t\t\t\t<img decoding=\"async\" src=\"https:\/\/grillatibrod.se\/wp-content\/uploads\/2025\/04\/smal-salsiccia.png\" alt=\"smal-salsiccia\" itemprop=\"image\" height=\"188\" width=\"365\" title=\"smal-salsiccia\" onerror=\"this.style.display='none'\" loading='lazy' \/>\n<h2>\n\t\t\t+\t<\/h2>\n\t\t\t\t<img decoding=\"async\" src=\"https:\/\/grillatibrod.se\/wp-content\/uploads\/2025\/04\/durum-korvbrod.png\" alt=\"durum-korvbrod\" itemprop=\"image\" height=\"194\" width=\"360\" title=\"durum-korvbrod\" onerror=\"this.style.display='none'\" loading='lazy' \/>\n\t\t\t\t<img decoding=\"async\" src=\"https:\/\/grillatibrod.se\/wp-content\/uploads\/2025\/04\/real_bacon_burger_grund_frilagd.png\" alt=\"real_bacon_burger_grund_frilagd\" itemprop=\"image\" height=\"1014\" width=\"1000\" title=\"real_bacon_burger_grund_frilagd\" onerror=\"this.style.display='none'\" loading='lazy' \/>\n\t<h2>REAL BACON BURGER<\/h2>\n<h3>MED KARAMELLISERAD L\u00d6K OCH ROSTAD TOMAT<\/h3>\n\t\t\t<a href=\"https:\/\/grillatibrod.se\/index.php\/2025\/04\/25\/real-bacon-burger\/\" target=\"_self\">\n\t\t\t\t\t\t\tTill Receptet\n\t\t\t\t\t<\/a>\n\t\t\t\t<img decoding=\"async\" src=\"https:\/\/grillatibrod.se\/wp-content\/uploads\/2025\/04\/298384_baconburgare_720.png\" alt=\"298384_baconburgare_720\" itemprop=\"image\" height=\"296\" width=\"720\" title=\"298384_baconburgare_720\" onerror=\"this.style.display='none'\" loading='lazy' \/>\n<h2>\n\t\t\t+\t<\/h2>\n\t\t\t\t<img decoding=\"async\" src=\"https:\/\/grillatibrod.se\/wp-content\/uploads\/2025\/04\/real-burgerbun.png\" alt=\"real-burgerbun\" itemprop=\"image\" height=\"161\" width=\"389\" title=\"real-burgerbun\" onerror=\"this.style.display='none'\" loading='lazy' \/>\n\t\t\t\t<img decoding=\"async\" src=\"https:\/\/grillatibrod.se\/wp-content\/uploads\/2025\/04\/Souvlaki_roll_Durum_spett_variant_grund_frilagd-ny.png\" alt=\"Souvlaki_roll_Durum_spett_variant_grund_frilagd-ny\" itemprop=\"image\" height=\"1005\" width=\"1000\" title=\"Souvlaki_roll_Durum_spett_variant_grund_frilagd-ny\" onerror=\"this.style.display='none'\" loading='lazy' \/>\n\t<h2><strong>Souvlaki Roll i Durumbr\u00f6d<\/strong><\/h2>\n<h3>med Tomat-r\u00f6dl\u00f6kssalsa<br \/>\noch tzatsiki<\/h3>\n\t\t\t<a href=\"https:\/\/grillatibrod.se\/index.php\/2025\/04\/25\/souvlaki-roll\/\" target=\"_self\">\n\t\t\t\t\t\t\tTill Receptet\n\t\t\t\t\t<\/a>\n\t\t\t\t<img decoding=\"async\" src=\"https:\/\/grillatibrod.se\/wp-content\/uploads\/2025\/04\/grillspettmedchili.png\" alt=\"grillspettmedchili\" itemprop=\"image\" height=\"1044\" width=\"500\" title=\"grillspettmedchili\" onerror=\"this.style.display='none'\" loading='lazy' \/>\n<h2>\n\t\t\t+\t<\/h2>\n\t\t\t\t<img decoding=\"async\" src=\"https:\/\/grillatibrod.se\/wp-content\/uploads\/2025\/04\/durum-korvbrod.png\" alt=\"durum-korvbrod\" itemprop=\"image\" height=\"194\" width=\"360\" title=\"durum-korvbrod\" onerror=\"this.style.display='none'\" loading='lazy' \/>\n\t\t\t\t<img decoding=\"async\" src=\"https:\/\/grillatibrod.se\/wp-content\/uploads\/2025\/04\/chicago_dog_grund_frlagd.png\" alt=\"chicago_dog_grund_frlagd\" itemprop=\"image\" height=\"1333\" width=\"1000\" title=\"chicago_dog_grund_frlagd\" onerror=\"this.style.display='none'\" loading='lazy' \/>\n\t<h2>Chicago Dog med durumbr\u00f6d<\/h2>\n<h3>och picklad chili<\/h3>\n\t\t\t<a href=\"https:\/\/grillatibrod.se\/index.php\/2025\/04\/25\/chicago-dog\/\" target=\"_self\">\n\t\t\t\t\t\t\tTill Receptet\n\t\t\t\t\t<\/a>\n\t\t\t\t<img decoding=\"async\" src=\"https:\/\/grillatibrod.se\/wp-content\/uploads\/2025\/04\/etrecotkorv.png\" alt=\"etrecotkorv\" itemprop=\"image\" height=\"268\" width=\"500\" title=\"etrecotkorv\" onerror=\"this.style.display='none'\" loading='lazy' \/>\n<h2>\n\t\t\t+\t<\/h2>\n\t\t\t\t<img decoding=\"async\" src=\"https:\/\/grillatibrod.se\/wp-content\/uploads\/2025\/04\/durum-korvbrod.png\" alt=\"durum-korvbrod\" itemprop=\"image\" height=\"194\" width=\"360\" title=\"durum-korvbrod\" onerror=\"this.style.display='none'\" loading='lazy' \/>\n\t\t\t\t<img decoding=\"async\" src=\"https:\/\/grillatibrod.se\/wp-content\/uploads\/2025\/04\/KBB_Logo_RGB.svg\" alt=\"KBB_Logo_RGB\" itemprop=\"image\" height=\"0\" width=\"0\" title=\"KBB_Logo_RGB\" onerror=\"this.style.display='none'\" loading='lazy' \/>\n\t\t\t<a href=\"https:\/\/www.korvbrodsbagarn.se\/\" target=\"_self\">\n\t\t\t\t\t\t\tBes\u00f6k oss f\u00f6r fler <br \/>produkter och inspiration!\n\t\t\t\t\t<\/a>\n\t\t\t\t<img decoding=\"async\" src=\"https:\/\/grillatibrod.se\/wp-content\/uploads\/2025\/04\/Scan_logo_web.svg\" alt=\"Scan_logo_web\" itemprop=\"image\" height=\"0\" width=\"0\" title=\"Scan_logo_web\" onerror=\"this.style.display='none'\" loading='lazy' \/>\n\t\t\t<a href=\"https:\/\/www.scan.se\/\" target=\"_self\">\n\t\t\t\t\t\t\tBes\u00f6k oss f\u00f6r fler <br \/>produkter och inspiration!\n\t\t\t\t\t<\/a>\n\n","protected":false},"excerpt":{"rendered":"<p>Grillat i br\u00f6d G\u00f6r bara s\u00e5 h\u00e4r L\u00e4gg en tunt skivad flintastek i ett fluffigt hamburgerbr\u00f6d, p\u00e5 med lite tzatziki och du har en souvlaki-burger. Ett lammf\u00e4rsspett i korvbr\u00f6d blir en shish-kebab-hotdog-style. Vilken blir din kombo? SOUVLAKI BURGER P\u00c5 FLINTASTEK MED KR\u00c4MIG FETA OCH TOMATSALSA Till Receptet + SALSICCIA HOTDOG I DURUMBR\u00d6D MED PICKLAD GURKA&hellip;<\/p>\n","protected":false},"author":1,"featured_media":0,"parent":0,"menu_order":0,"comment_status":"closed","ping_status":"open","template":"","meta":{"_acf_changed":false,"inline_featured_image":false,"footnotes":""},"class_list":["post-2","page","type-page","status-publish","hentry"],"acf":[],"_links":{"self":[{"href":"https:\/\/grillatibrod.se\/index.php\/wp-json\/wp\/v2\/pages\/2","targetHints":{"allow":["GET"]}}],"collection":[{"href":"https:\/\/grillatibrod.se\/index.php\/wp-json\/wp\/v2\/pages"}],"about":[{"href":"https:\/\/grillatibrod.se\/index.php\/wp-json\/wp\/v2\/types\/page"}],"author":[{"embeddable":true,"href":"https:\/\/grillatibrod.se\/index.php\/wp-json\/wp\/v2\/users\/1"}],"replies":[{"embeddable":true,"href":"https:\/\/grillatibrod.se\/index.php\/wp-json\/wp\/v2\/comments?post=2"}],"version-history":[{"count":39,"href":"https:\/\/grillatibrod.se\/index.php\/wp-json\/wp\/v2\/pages\/2\/revisions"}],"predecessor-version":[{"id":184,"href":"https:\/\/grillatibrod.se\/index.php\/wp-json\/wp\/v2\/pages\/2\/revisions\/184"}],"wp:attachment":[{"href":"https:\/\/grillatibrod.se\/index.php\/wp-json\/wp\/v2\/media?parent=2"}],"curies":[{"name":"wp","href":"https:\/\/api.w.org\/{rel}","templated":true}]}}